{"id":93,"date":"2016-09-26T18:28:49","date_gmt":"2016-09-26T15:28:49","guid":{"rendered":"https:\/\/wp.matkakeisari.fi\/?page_id=93"},"modified":"2018-03-14T19:26:44","modified_gmt":"2018-03-14T16:26:44","slug":"pikkuikkuna","status":"publish","type":"page","link":"https:\/\/www.matkakeisari.fi\/blog\/pikkuikkuna\/","title":{"rendered":"Matkahaku widget"},"content":{"rendered":"<p>Matkakeisarin pikkuikkuna (widget) on omille kotisivuillesi upotettava elementti. Pikkuikkunan\u00a0kautta kotisivujesi k\u00e4vij\u00e4t voivat hakea bussi- ja junamatkat haluamallesi paikkakunnalle. Erityisen hyvin pikkuikkuna sopii tapahtuma- ja matkailusivustoille. Voit vapaasti lis\u00e4t\u00e4 pikkuikkunan omille kotisivuillesi.<\/p>\n<h2>Widgetin lis\u00e4\u00e4minen omille kotisivuille<\/h2>\n<p>Laita seuraava HTML-koodi kotisivuillesi haluamaasi kohtaan:<\/p>\n<pre>&lt;iframe style=\"height: 471px; border: 0; max-width: 100% !important;\" src=\"https:\/\/www.matkakeisari.fi\/iframe?<strong>toPlace<\/strong>=<em>Parikkala<\/em>&amp;<strong>departureDate<\/strong>=<em>15-08-2017<\/em>&amp;<strong>language<\/strong>=<em>fi&amp;<strong>source<\/strong>=SIVUSTOSI_NIMI<\/em>\" width=\"<em>500<\/em>\" height=\"471\"&gt;&lt;\/iframe&gt;\r\n<\/pre>\n<p><code><br \/>\n<iframe style=\"margin-left: 15px; height: 471px; border: 0; max-width: 100% !important;\" src=\"https:\/\/www.matkakeisari.fi\/iframe?toPlace=Parikkala\" width=\"280\" height=\"471\"><\/iframe><\/code><\/p>\n<p><strong>K\u00e4ytett\u00e4viss\u00e4 olevat parametrit:<br \/>\n<\/strong><br \/>\n<strong>toPlace<\/strong>: Paikkakunta, joka t\u00e4ytet\u00e4\u00e4n m\u00e4\u00e4r\u00e4np\u00e4\u00e4-kohtaan<br \/>\n<strong>departureDate<\/strong>: P\u00e4iv\u00e4m\u00e4\u00e4r\u00e4, jota k\u00e4ytet\u00e4\u00e4n oletuksena l\u00e4ht\u00f6p\u00e4iv\u00e4n\u00e4 (muoto dd-mm-yyyy). Mik\u00e4li p\u00e4iv\u00e4m\u00e4\u00e4r\u00e4 on jo mennyt, k\u00e4ytet\u00e4\u00e4n nykyist\u00e4 p\u00e4iv\u00e4\u00e4:<br \/>\n<strong>language<\/strong>: kieli, fi \/ sv \/ en \/ ru<br \/>\n<strong>fromPlace<\/strong>:\u00a0Paikkakunta, joka t\u00e4ytet\u00e4\u00e4n l\u00e4ht\u00f6paikka-kohtaan<br \/>\n<strong>hexBackgroundColor: <\/strong>Sivujesi taustav\u00e4ri, jotta py\u00f6ristetyt reunat toimivat oikein. Esimerkiksi:\u00a0E6F7FB<br \/>\n<strong>width<\/strong>: Hakuelementin leveys. \u00a0Sivu on responsiivinen, joten voitte halutessanne k\u00e4ytt\u00e4\u00e4 my\u00f6s leve\u00e4mp\u00e4\u00e4 tai kapeampaa versiota s\u00e4\u00e4t\u00e4m\u00e4ll\u00e4 width-attribuuttia. T\u00e4ll\u00f6in korkeutta voi pienent\u00e4\u00e4 471 pikselist\u00e4. Leveytt\u00e4 tulisi olla v\u00e4hint\u00e4\u00e4n 280px.<br \/>\n<strong>source<\/strong>: Teksti, joka yksil\u00f6i upotusn\u00e4kym\u00e4n lataajan (esim: ilosaarirock, oopperajuhlat)<\/p>\n<p>&nbsp;<\/p>\n<p>Suosittelemme tekstin lis\u00e4\u00e4mist\u00e4\u00a0widgetin yhteyteen.<\/p>\n<p><strong>Suomeksi<\/strong>:<\/p>\n<div>Matkeisari.fi-hintavertailupalvelusta l\u00f6yd\u00e4t edulliset juna- ja bussiliput. Palvelu etsii linja-autojen sek\u00e4 junien aikataulut ja hinnat. Mukana palvelussa ovat suurimmat kaukoliikenteen juna- ja bussiyhti\u00f6t: VR, Matkahuolto, Onnibus, Savonlinja, Pohjolan Liikenne ja\u00a0Pori Express.<\/div>\n<p>&nbsp;<\/p>\n<p><strong>Ruotsiksi<\/strong><\/p>\n<div class=\"_h8t\">\n<div class=\"_5wd9\">\n<div class=\"_5wde _n4o\">\n<div class=\"_5w1r _3_om _5wdf\">\n<div class=\"_4gx_\">\n<div class=\"_d97\"><span class=\"_5yl5\">Matkakeisari.fi prisj\u00e4mf\u00f6relsesidor hittar du billiga t\u00e5g- och bussbiljetter. Sidorna letar efter b\u00e5de t\u00e5g- och busstidtabeller och deras priser. Med i servicen \u00e4r alla st\u00f6rsta fj\u00e4rrtrafik leverant\u00f6rerna i t\u00e5g och busstrafik: VR, Matkahuolto, Onnibus, Savonlinja, Pohjolan Liikenne och PoriExpress.<\/span><\/div>\n<div class=\"_d97\"><\/div>\n<div class=\"_d97\"><\/div>\n<\/div>\n<\/div>\n<\/div>\n<\/div>\n<\/div>\n<p>&nbsp;<\/p>\n<div><strong>Englanniksi<\/strong><\/div>\n<p>&nbsp;<\/p>\n<div>\n<div>Are you Looking for cheap bus or train tickets?\u00a0Matkakeisari.fi\u00a0is the search engine for bus and train trips in Finland. Service covers the biggest public transportation companies: VR, Matkahuolto, Onnibus, Savonlinja, Pohjolan Liikenne and Pori Express.<\/div>\n<p>&nbsp;<\/p>\n<p><strong><strong>Ven\u00e4j\u00e4ksi<\/strong><\/strong><\/p>\n<p>\u0412\u044b \u0438\u0449\u0438\u0442\u0435 \u0434\u0435\u0448\u0451\u0432\u044b\u0435 \u0431\u0438\u043b\u0435\u0442\u044b \u043d\u0430 \u0430\u0432\u0442\u043e\u0431\u0443\u0441 \u0438\u043b\u0438 \u043f\u043e\u0435\u0437\u0434? Matkakeisari.fi \u044d\u0442\u043e \u043d\u0430\u0434\u0451\u0436\u043d\u044b\u0439 \u043f\u043e\u043c\u043e\u0449\u043d\u0438\u043a \u0432 \u043e\u0440\u0433\u0430\u043d\u0438\u0437\u0430\u0446\u0438\u0438 \u0430\u0432\u0442\u043e\u0431\u0443\u0441\u043d\u044b\u0445 \u0438 \u0436\u0435\u043b\u0435\u0437\u043d\u043e\u0434\u043e\u0440\u043e\u0436\u043d\u044b\u0445 \u043f\u043e\u0435\u0437\u0434\u043e\u043a \u043f\u043e \u0432\u0441\u0435\u0439 \u0424\u0438\u043d\u043b\u044f\u043d\u0434\u0438\u0438. \u0414\u0430\u043d\u043d\u044b\u0439 \u0441\u0435\u0440\u0432\u0435\u0440 \u0440\u0430\u0431\u043e\u0442\u0430\u0435\u0442 \u0441 \u0442\u0430\u043a\u0438\u043c\u0438 \u0431\u044e\u0434\u0436\u0435\u0442\u043d\u044b\u043c \u043a\u043e\u043c\u043f\u0430\u043d\u0438\u044f\u043c\u0438 \u043a\u0430\u043a: VR, Matkahuolto, Onnibus, Savonlinja, Pohjolan Liikenne \u0438 Pori Express.<\/p>\n<\/div>\n<h2>Onnellisia matkahakuwidgetin k\u00e4ytt\u00e4ji\u00e4<\/h2>\n<p>N\u00e4ill\u00e4 sivuilla on jo k\u00e4yt\u00f6ss\u00e4 Matkakeisari.fi hintavertailun widget:<\/p>\n<ul>\n<li><a href=\"http:\/\/www.ilosaarirock.fi\/2016\/info\/saapuminen\" target=\"_blank\" rel=\"noopener\">Ilosaarirock<\/a> musiikkifestarit<\/li>\n<li><a href=\"http:\/\/www.assembly.org\/summer16\/manual\/travelling\/\" target=\"_blank\" rel=\"noopener\">Assembly<\/a>\u00a0tietokonefestivaali<\/li>\n<li><a href=\"http:\/\/www.operafestival.fi\/fi\/Info\/Liikenneyhteydet\" target=\"_blank\" rel=\"noopener\">Savonlinnan Oopperajuhlat<\/a><\/li>\n<li><a href=\"http:\/\/www.visitmikkeli.fi\/hyva_tietaa\" target=\"_blank\" rel=\"noopener\">VisitMikkeli.fi<\/a> matkailusivusto<\/li>\n<li><a href=\"http:\/\/www.visitparikkala.fi\/kunta\/liikenneyhteydet\/\" target=\"_blank\" rel=\"noopener\">VisitParikkala.fi<\/a> matkailusivusto<\/li>\n<li><a href=\"http:\/\/visitsavonlinna.fi\/liikenneyhteydet-savonlinnaan\/\" target=\"_blank\" rel=\"noopener\">VisitSavonlinna.fi,<\/a> matkailusivusto<\/li>\n<\/ul>\n<p><strong>Muita yhteisty\u00f6kumppaneita:<\/strong><\/p>\n<ul>\n<li><a href=\"http:\/\/www.visitfinland.com\/article\/getting-around-in-finland\/\" target=\"_blank\" rel=\"noopener\">VisitFinland<\/a><\/li>\n<li><a href=\"http:\/\/www.visitturku.fi\/turku\/miten-sinne-paasee\" target=\"_blank\" rel=\"noopener\">VisitTurku.fi<\/a><\/li>\n<li><a href=\"http:\/\/www.lappi.fi\/lappi\/tule\/nain_paaset\" target=\"_blank\" rel=\"noopener\">Lappi.fi<\/a><\/li>\n<li><a href=\"http:\/\/www.gosaimaa.fi\/fi\/Tietoa-alueesta\/Kulkuyhteydet\" target=\"_blank\" rel=\"noopener\">GoSaimaa<\/a><\/li>\n<li><a href=\"http:\/\/www.porispere.fi\/\" target=\"_blank\" rel=\"noopener\">Porispere<\/a><\/li>\n<\/ul>\n","protected":false},"excerpt":{"rendered":"<p>Matkakeisarin pikkuikkuna (widget) on omille kotisivuillesi upotettava elementti. Pikkuikkunan\u00a0kautta kotisivujesi k\u00e4vij\u00e4t voivat hakea bussi- ja junamatkat haluamallesi paikkakunnalle. Erityisen hyvin pikkuikkuna sopii tapahtuma- ja matkailusivustoille. Voit vapaasti lis\u00e4t\u00e4 pikkuikkunan omille kotisivuillesi. Widgetin lis\u00e4\u00e4minen omille kotisivuille Laita seuraava HTML-koodi kotisivuillesi haluamaasi kohtaan: &lt;iframe style=&#8221;height: 471px; border: 0; max-width: 100% !important;&#8221; src=&#8221;https:\/\/www.matkakeisari.fi\/iframe?toPlace=Parikkala&amp;departureDate=15-08-2017&amp;language=fi&amp;source=SIVUSTOSI_NIMI&#8221; width=&#8221;500&#8243; height=&#8221;471&#8243;&gt;&lt;\/iframe&gt; K\u00e4ytett\u00e4viss\u00e4 olevat parametrit: &hellip; <a href=\"https:\/\/www.matkakeisari.fi\/blog\/pikkuikkuna\/\" class=\"more-link\">Jatka lukemista <span class=\"screen-reader-text\">Matkahaku widget<\/span> <span class=\"meta-nav\">&rarr;<\/span><\/a><\/p>\n","protected":false},"author":1,"featured_media":0,"parent":0,"menu_order":0,"comment_status":"closed","ping_status":"closed","template":"","meta":[],"yoast_head":"<!-- This site is optimized with the Yoast SEO plugin v15.2 - https:\/\/yoast.com\/wordpress\/plugins\/seo\/ -->\n<meta name=\"robots\" content=\"index, follow, max-snippet:-1, max-image-preview:large, max-video-preview:-1\" \/>\n<link rel=\"canonical\" href=\"https:\/\/www.matkakeisari.fi\/blog\/pikkuikkuna\/\" \/>\n<meta property=\"og:locale\" content=\"fi_FI\" \/>\n<meta property=\"og:type\" content=\"article\" \/>\n<meta property=\"og:title\" content=\"Matkahaku widget &ndash; Matkakeisari.fi\" \/>\n<meta property=\"og:description\" content=\"Matkakeisarin pikkuikkuna (widget) on omille kotisivuillesi upotettava elementti. Pikkuikkunan\u00a0kautta kotisivujesi k\u00e4vij\u00e4t voivat hakea bussi- ja junamatkat haluamallesi paikkakunnalle. Erityisen hyvin pikkuikkuna sopii tapahtuma- ja matkailusivustoille. Voit vapaasti lis\u00e4t\u00e4 pikkuikkunan omille kotisivuillesi. Widgetin lis\u00e4\u00e4minen omille kotisivuille Laita seuraava HTML-koodi kotisivuillesi haluamaasi kohtaan: &lt;iframe style=&quot;height: 471px; border: 0; max-width: 100% !important;&quot; src=&quot;https:\/\/www.matkakeisari.fi\/iframe?toPlace=Parikkala&amp;departureDate=15-08-2017&amp;language=fi&amp;source=SIVUSTOSI_NIMI&quot; width=&quot;500&quot; height=&quot;471&quot;&gt;&lt;\/iframe&gt; K\u00e4ytett\u00e4viss\u00e4 olevat parametrit: &hellip; Jatka lukemista Matkahaku widget &rarr;\" \/>\n<meta property=\"og:url\" content=\"https:\/\/www.matkakeisari.fi\/blog\/pikkuikkuna\/\" \/>\n<meta property=\"og:site_name\" content=\"Matkakeisari.fi\" \/>\n<meta property=\"article:publisher\" content=\"https:\/\/www.facebook.com\/matkakeisari.fi\/\" \/>\n<meta property=\"article:modified_time\" content=\"2018-03-14T16:26:44+00:00\" \/>\n<meta name=\"twitter:card\" content=\"summary\" \/>\n<meta name=\"twitter:creator\" content=\"@matkakeisari\" \/>\n<meta name=\"twitter:site\" content=\"@matkakeisari\" \/>\n<meta name=\"twitter:label1\" value=\"Written by\">\n\t<meta name=\"twitter:data1\" value=\"Jari Laari\">\n\t<meta name=\"twitter:label2\" value=\"Est. reading time\">\n\t<meta name=\"twitter:data2\" value=\"2 minuuttia\">\n<script type=\"application\/ld+json\" class=\"yoast-schema-graph\">{\"@context\":\"https:\/\/schema.org\",\"@graph\":[{\"@type\":\"WebSite\",\"@id\":\"https:\/\/www.matkakeisari.fi\/blog\/#website\",\"url\":\"https:\/\/www.matkakeisari.fi\/blog\/\",\"name\":\"Matkakeisari.fi\",\"description\":\"\",\"potentialAction\":[{\"@type\":\"SearchAction\",\"target\":\"https:\/\/www.matkakeisari.fi\/blog\/?s={search_term_string}\",\"query-input\":\"required name=search_term_string\"}],\"inLanguage\":\"fi\"},{\"@type\":\"WebPage\",\"@id\":\"https:\/\/www.matkakeisari.fi\/blog\/pikkuikkuna\/#webpage\",\"url\":\"https:\/\/www.matkakeisari.fi\/blog\/pikkuikkuna\/\",\"name\":\"Matkahaku widget &ndash; Matkakeisari.fi\",\"isPartOf\":{\"@id\":\"https:\/\/www.matkakeisari.fi\/blog\/#website\"},\"datePublished\":\"2016-09-26T15:28:49+00:00\",\"dateModified\":\"2018-03-14T16:26:44+00:00\",\"inLanguage\":\"fi\",\"potentialAction\":[{\"@type\":\"ReadAction\",\"target\":[\"https:\/\/www.matkakeisari.fi\/blog\/pikkuikkuna\/\"]}]}]}<\/script>\n<!-- \/ Yoast SEO plugin. -->","_links":{"self":[{"href":"https:\/\/www.matkakeisari.fi\/blog\/wp-json\/wp\/v2\/pages\/93"}],"collection":[{"href":"https:\/\/www.matkakeisari.fi\/blog\/wp-json\/wp\/v2\/pages"}],"about":[{"href":"https:\/\/www.matkakeisari.fi\/blog\/wp-json\/wp\/v2\/types\/page"}],"author":[{"embeddable":true,"href":"https:\/\/www.matkakeisari.fi\/blog\/wp-json\/wp\/v2\/users\/1"}],"replies":[{"embeddable":true,"href":"https:\/\/www.matkakeisari.fi\/blog\/wp-json\/wp\/v2\/comments?post=93"}],"version-history":[{"count":42,"href":"https:\/\/www.matkakeisari.fi\/blog\/wp-json\/wp\/v2\/pages\/93\/revisions"}],"predecessor-version":[{"id":591,"href":"https:\/\/www.matkakeisari.fi\/blog\/wp-json\/wp\/v2\/pages\/93\/revisions\/591"}],"wp:attachment":[{"href":"https:\/\/www.matkakeisari.fi\/blog\/wp-json\/wp\/v2\/media?parent=93"}],"curies":[{"name":"wp","href":"https:\/\/api.w.org\/{rel}","templated":true}]}}