{"id":80,"date":"2016-09-22T20:49:31","date_gmt":"2016-09-22T17:49:31","guid":{"rendered":"https:\/\/wp.matkakeisari.fi\/?page_id=80"},"modified":"2017-10-15T11:54:08","modified_gmt":"2017-10-15T08:54:08","slug":"usein-kysytyt-kysymykset","status":"publish","type":"page","link":"https:\/\/www.matkakeisari.fi\/blog\/usein-kysytyt-kysymykset\/","title":{"rendered":"Usein kysytyt kysymykset"},"content":{"rendered":"<p>Matkakeisari on julkisen liikenteen hakukone. Matkakeisarin\u00a0kautta voit etsi\u00e4 itsellesi edullisimmat &amp; sopivimmat kaukoliikenteen\u00a0<strong>juna-<\/strong>\u00a0ja <strong>bussiliput\u00a0<\/strong>kahden paikkakunnan v\u00e4lilt\u00e4. Emme myy lippuja sivustolla, vaan ohjaamme sinut liikenn\u00f6itsij\u00e4n sivuille ostotapahtumaa varten.<\/p>\n<p><strong>Ostamani lippu ei tullut s\u00e4hk\u00f6postiin<br \/>\n<\/strong>Matkakeisari\u00a0ei myy matkalippuja, vaan sinut siirret\u00e4\u00e4n aina liikenn\u00f6itsij\u00e4n verkkokauppaan tekem\u00e4\u00e4n ostotapahtuma. Voit olla yhteydess\u00e4 valitsemaasi liikenn\u00f6itsij\u00e4\u00e4n, mik\u00e4li matkalippu ei saapunut s\u00e4hk\u00f6postiisi. Ennen yhteydenottoa kannattaa varmistaa, ettei viesti ole p\u00e4\u00e4tynyt roskapostikansioon.<\/p>\n<p><strong>Mik\u00e4 palvelu Matkakeisari.fi on?<br \/>\n<\/strong>Lue taustoja palvelusta <a href=\"https:\/\/wp.matkakeisari.fi\/kaukoliikenteen-bussiaikataulut\/\">t\u00e4st\u00e4 blogi-tekstist\u00e4<\/a>.<\/p>\n<p><strong>Mitk\u00e4 liikenn\u00f6itsij\u00e4t ovat mukana hintavertailussa?<br \/>\n<\/strong><a href=\"http:\/\/www.vr.fi\" target=\"_blank\" rel=\"noopener\">VR<\/a>, <a href=\"http:\/\/www.matkahuolto.fi\" target=\"_blank\" rel=\"noopener\">Matkahuolto<\/a>, <a href=\"http:\/\/www.Onnibus.fi\" target=\"_blank\" rel=\"noopener\">Onnibus<\/a>, <a href=\"http:\/\/www.pohjolanliikenne.fi\" target=\"_blank\" rel=\"noopener\">Pohjolan Liikenne<\/a>, <a href=\"http:\/\/www.savonlinja.fi\">Savonlinja <\/a>ja <a href=\"http:\/\/www.poriexpress.fi\/\" target=\"_blank\" rel=\"noopener\">PoriExpress<\/a>.<\/p>\n<p><strong>Palvelusta puuttuu pys\u00e4kki<br \/>\n<\/strong>Voit kirjoittaa pys\u00e4kin nimen kokonaan hakukentt\u00e4\u00e4n. T\u00e4ss\u00e4 tapauksessa hakutuloksista voi puuttua yhteyksi\u00e4. <a href=\"https:\/\/wp.matkakeisari.fi\/yhteydenotto\/\">Ota meihin yhteytt\u00e4,<\/a> niin lis\u00e4\u00e4mme pys\u00e4kin ja teemme tarkistuksen, ett\u00e4 kaikki yhteydet l\u00f6ytyv\u00e4t.<\/p>\n<p><strong>En l\u00f6yt\u00e4nyt palvelusta liikenneyhteytt\u00e4, joka on saatavilla kuitenkin liikenn\u00f6itsij\u00e4n sivustolla<br \/>\n<\/strong>L\u00e4het\u00e4 meille viesti <a href=\"https:\/\/wp.matkakeisari.fi\/yhteydenotto\/\">yhteydenotto-sivun kautta<\/a>.<\/p>\n<p><strong>Miksi matkan hinta n\u00e4ytt\u00e4\u00e4 olevan suurempi Matkakeisarin kautta katsottuna?<br \/>\n<\/strong>Lis\u00e4\u00e4mme hintaan kaikki palvelu- ja toimitusmaksut. Mik\u00e4li teet haun itse liikenn\u00f6itsij\u00e4n kotisivuille, saatetaan n\u00e4m\u00e4 maksut n\u00e4ytt\u00e4\u00e4 vasta lipun ostamisen yhteydess\u00e4.<strong><br \/>\n<\/strong><\/p>\n<p><strong>En l\u00f6yt\u00e4nyt matkoja reitille, jossa ei ole suoria yhteyksi\u00e4<br \/>\n<\/strong>Matkakeisari ei viel\u00e4 listaa yhteyksi\u00e4, jossa\u00a0yhdistelt\u00e4isiin esimerkiksi useamman eri liikenn\u00f6itsij\u00e4n juna + bussi tai bussi + bussi yhteyksi\u00e4. Jos tied\u00e4t sopivan vaihtopaikkakunnan, kannattaa siis tehd\u00e4\u00a0useampi haku, jossa haet ensin matkat vaihtopaikkakunnalle ja sielt\u00e4 eteenp\u00e4in m\u00e4\u00e4r\u00e4np\u00e4\u00e4h\u00e4n.<\/p>\n<p><strong>Kuinka aikataulu ja hintatiedot ker\u00e4t\u00e4\u00e4n Matkakeisariin?<br \/>\n<\/strong>Teemme kyselyt liikenn\u00f6itsij\u00f6iden verkkosivustoille, kokoamme tulokset yhteen ja n\u00e4yt\u00e4mme ne Matkakeisarin k\u00e4ytt\u00e4j\u00e4lle.<\/p>\n<p><strong>Tuloksissa n\u00e4kyi Matkahuollon tuloksia, mutta yht\u00e4kki\u00e4 ne h\u00e4visiv\u00e4t<br \/>\n<\/strong>Matkahuollon tulokset sis\u00e4lt\u00e4v\u00e4t my\u00f6s Savonlinjan vuoroja. Mik\u00e4li Savonlinjan omasta verkkokaupasta\u00a0l\u00f6ytyv\u00e4t hinnat ovat vuorolle halvemmat kuin Matkahuollon kautta, poistamme Matkahuollon tulokset ja lis\u00e4\u00e4mme Savonlinjan oman verkkokaupan vuoron\u00a0tilalle.<br \/>\n<strong><br \/>\n<\/strong><strong>Haluaisin lis\u00e4t\u00e4 linkin tai iframe-upotusn\u00e4kym\u00e4n Matkakeisarista omille kotisivuilleni<br \/>\n<\/strong>Se on mahdollista ja jopa suotavaa.\u00a0<a href=\"https:\/\/wp.matkakeisari.fi\/pikkuikkuna\/\">Katso lis\u00e4tiedot Pikkuikkuna-sivulta.<\/a><\/p>\n<p><strong>Minulla olisi kehitysidea palveluun. Kuinka voin ottaa teihin yhteytt\u00e4?<br \/>\n<\/strong>Katso <a href=\"https:\/\/wp.matkakeisari.fi\/yhteydenotto\/\">yhteydenotto-sivu<\/a>.<\/p>\n","protected":false},"excerpt":{"rendered":"<p>Matkakeisari on julkisen liikenteen hakukone. Matkakeisarin\u00a0kautta voit etsi\u00e4 itsellesi edullisimmat &amp; sopivimmat kaukoliikenteen\u00a0juna-\u00a0ja bussiliput\u00a0kahden paikkakunnan v\u00e4lilt\u00e4. Emme myy lippuja sivustolla, vaan ohjaamme sinut liikenn\u00f6itsij\u00e4n sivuille ostotapahtumaa varten. Ostamani lippu ei tullut s\u00e4hk\u00f6postiin Matkakeisari\u00a0ei myy matkalippuja, vaan sinut siirret\u00e4\u00e4n aina liikenn\u00f6itsij\u00e4n verkkokauppaan tekem\u00e4\u00e4n ostotapahtuma. Voit olla yhteydess\u00e4 valitsemaasi liikenn\u00f6itsij\u00e4\u00e4n, mik\u00e4li matkalippu ei saapunut s\u00e4hk\u00f6postiisi. Ennen yhteydenottoa &hellip; <a href=\"https:\/\/www.matkakeisari.fi\/blog\/usein-kysytyt-kysymykset\/\" class=\"more-link\">Jatka lukemista <span class=\"screen-reader-text\">Usein kysytyt kysymykset<\/span> <span class=\"meta-nav\">&rarr;<\/span><\/a><\/p>\n","protected":false},"author":1,"featured_media":0,"parent":0,"menu_order":0,"comment_status":"closed","ping_status":"closed","template":"","meta":[],"yoast_head":"<!-- This site is optimized with the Yoast SEO plugin v15.2 - https:\/\/yoast.com\/wordpress\/plugins\/seo\/ -->\n<meta name=\"robots\" content=\"index, follow, max-snippet:-1, max-image-preview:large, max-video-preview:-1\" \/>\n<link rel=\"canonical\" href=\"https:\/\/www.matkakeisari.fi\/blog\/usein-kysytyt-kysymykset\/\" \/>\n<meta property=\"og:locale\" content=\"fi_FI\" \/>\n<meta property=\"og:type\" content=\"article\" \/>\n<meta property=\"og:title\" content=\"Usein kysytyt kysymykset &ndash; Matkakeisari.fi\" \/>\n<meta property=\"og:description\" content=\"Matkakeisari on julkisen liikenteen hakukone. Matkakeisarin\u00a0kautta voit etsi\u00e4 itsellesi edullisimmat &amp; sopivimmat kaukoliikenteen\u00a0juna-\u00a0ja bussiliput\u00a0kahden paikkakunnan v\u00e4lilt\u00e4. Emme myy lippuja sivustolla, vaan ohjaamme sinut liikenn\u00f6itsij\u00e4n sivuille ostotapahtumaa varten. Ostamani lippu ei tullut s\u00e4hk\u00f6postiin Matkakeisari\u00a0ei myy matkalippuja, vaan sinut siirret\u00e4\u00e4n aina liikenn\u00f6itsij\u00e4n verkkokauppaan tekem\u00e4\u00e4n ostotapahtuma. Voit olla yhteydess\u00e4 valitsemaasi liikenn\u00f6itsij\u00e4\u00e4n, mik\u00e4li matkalippu ei saapunut s\u00e4hk\u00f6postiisi. Ennen yhteydenottoa &hellip; Jatka lukemista Usein kysytyt kysymykset &rarr;\" \/>\n<meta property=\"og:url\" content=\"https:\/\/www.matkakeisari.fi\/blog\/usein-kysytyt-kysymykset\/\" \/>\n<meta property=\"og:site_name\" content=\"Matkakeisari.fi\" \/>\n<meta property=\"article:publisher\" content=\"https:\/\/www.facebook.com\/matkakeisari.fi\/\" \/>\n<meta property=\"article:modified_time\" content=\"2017-10-15T08:54:08+00:00\" \/>\n<meta name=\"twitter:card\" content=\"summary\" \/>\n<meta name=\"twitter:creator\" content=\"@matkakeisari\" \/>\n<meta name=\"twitter:site\" content=\"@matkakeisari\" \/>\n<meta name=\"twitter:label1\" value=\"Written by\">\n\t<meta name=\"twitter:data1\" value=\"Jari Laari\">\n\t<meta name=\"twitter:label2\" value=\"Est. reading time\">\n\t<meta name=\"twitter:data2\" value=\"1 minuutti\">\n<script type=\"application\/ld+json\" class=\"yoast-schema-graph\">{\"@context\":\"https:\/\/schema.org\",\"@graph\":[{\"@type\":\"WebSite\",\"@id\":\"https:\/\/www.matkakeisari.fi\/blog\/#website\",\"url\":\"https:\/\/www.matkakeisari.fi\/blog\/\",\"name\":\"Matkakeisari.fi\",\"description\":\"\",\"potentialAction\":[{\"@type\":\"SearchAction\",\"target\":\"https:\/\/www.matkakeisari.fi\/blog\/?s={search_term_string}\",\"query-input\":\"required name=search_term_string\"}],\"inLanguage\":\"fi\"},{\"@type\":\"WebPage\",\"@id\":\"https:\/\/www.matkakeisari.fi\/blog\/usein-kysytyt-kysymykset\/#webpage\",\"url\":\"https:\/\/www.matkakeisari.fi\/blog\/usein-kysytyt-kysymykset\/\",\"name\":\"Usein kysytyt kysymykset &ndash; Matkakeisari.fi\",\"isPartOf\":{\"@id\":\"https:\/\/www.matkakeisari.fi\/blog\/#website\"},\"datePublished\":\"2016-09-22T17:49:31+00:00\",\"dateModified\":\"2017-10-15T08:54:08+00:00\",\"inLanguage\":\"fi\",\"potentialAction\":[{\"@type\":\"ReadAction\",\"target\":[\"https:\/\/www.matkakeisari.fi\/blog\/usein-kysytyt-kysymykset\/\"]}]}]}<\/script>\n<!-- \/ Yoast SEO plugin. -->","_links":{"self":[{"href":"https:\/\/www.matkakeisari.fi\/blog\/wp-json\/wp\/v2\/pages\/80"}],"collection":[{"href":"https:\/\/www.matkakeisari.fi\/blog\/wp-json\/wp\/v2\/pages"}],"about":[{"href":"https:\/\/www.matkakeisari.fi\/blog\/wp-json\/wp\/v2\/types\/page"}],"author":[{"embeddable":true,"href":"https:\/\/www.matkakeisari.fi\/blog\/wp-json\/wp\/v2\/users\/1"}],"replies":[{"embeddable":true,"href":"https:\/\/www.matkakeisari.fi\/blog\/wp-json\/wp\/v2\/comments?post=80"}],"version-history":[{"count":17,"href":"https:\/\/www.matkakeisari.fi\/blog\/wp-json\/wp\/v2\/pages\/80\/revisions"}],"predecessor-version":[{"id":488,"href":"https:\/\/www.matkakeisari.fi\/blog\/wp-json\/wp\/v2\/pages\/80\/revisions\/488"}],"wp:attachment":[{"href":"https:\/\/www.matkakeisari.fi\/blog\/wp-json\/wp\/v2\/media?parent=80"}],"curies":[{"name":"wp","href":"https:\/\/api.w.org\/{rel}","templated":true}]}}